{"id":1323,"date":"2018-09-02T12:46:14","date_gmt":"2018-09-02T11:46:14","guid":{"rendered":"https:\/\/chimie-ganivet.fr\/?page_id=1323"},"modified":"2018-09-12T20:40:24","modified_gmt":"2018-09-12T19:40:24","slug":"incertitudes","status":"publish","type":"page","link":"https:\/\/chimie-ganivet.fr\/?page_id=1323","title":{"rendered":"Incertitudes"},"content":{"rendered":"<h5><img loading=\"lazy\" decoding=\"async\" class=\"alignnone size-thumbnail wp-image-1321\" src=\"http:\/\/chimie-ganivet.fr\/wp-content\/uploads\/Image-courtesy-of-Master-isolated-images-at-FreeDigitalPhotos.net_-150x150.jpg\" alt=\"\" width=\"150\" height=\"150\" \/><\/h5>\n<h5><strong>Voici le <a href=\"http:\/\/chimie-ganivet.fr\/wp-content\/uploads\/Erreurs-et-incertitudes-PCSI-ELEVE-1.pdf\" target=\"_blank\" rel=\"noopener\">document distribu\u00e9 en cours.<\/a> Il est conseill\u00e9 d&rsquo;amener ce document \u00e0 chaque TP.<\/strong><\/h5>\n<pre>Les calculs d'incertitudes de type B doivent pouvoir se faire rapidement \u00e0 la calculatrice.\r\n\r\nCependant, en TP, il est bien utile d'utiliser le logiciel GUM afin d'avoir rapidement acc\u00e8s \u00e0 l'incertitude d'une mesure calcul\u00e9e.. Il est en g\u00e9n\u00e9ral disponible aux concours. les calculs d'incertitudes se travaillent tout au long de l'ann\u00e9e, au cours des TP, ne les n\u00e9gligez pas!!<\/pre>\n<h5><strong><a href=\"https:\/\/drive.google.com\/file\/d\/0B3GPdvinYOz9M3A5Q0lGMU9uLWc\/view?usp=sharing\" target=\"_blank\" rel=\"noopener\">Vid\u00e9o <\/a>pour l&rsquo;utilisation de GUM :<br \/>\n<\/strong><\/h5>\n<h5><strong><a href=\"https:\/\/drive.google.com\/file\/d\/0B3GPdvinYOz9M3A5Q0lGMU9uLWc\/view?usp=sharing\"><img loading=\"lazy\" decoding=\"async\" class=\"alignleft wp-image-198 size-thumbnail\" src=\"http:\/\/chimie-ganivet.fr\/wp-content\/uploads\/icone-video-2-150x150.png\" alt=\"icone-video-2\" width=\"150\" height=\"150\" srcset=\"https:\/\/chimie-ganivet.fr\/wp-content\/uploads\/icone-video-2-150x150.png 150w, https:\/\/chimie-ganivet.fr\/wp-content\/uploads\/icone-video-2.png 300w\" sizes=\"auto, (max-width: 150px) 100vw, 150px\" \/><\/a><\/strong><\/h5>\n<h5><\/h5>\n<h5><\/h5>\n<pre><\/pre>\n<h5><\/h5>\n<h5><\/h5>\n<h5><\/h5>\n<h5><strong>T\u00e9l\u00e9chargement gratuit de GUM : <a href=\"http:\/\/jeanmarie.biansan.free.fr\/gum_mc.html\">http:\/\/jeanmarie.biansan.free.fr\/gum_mc.html<\/a><\/strong><\/h5>\n<p>&nbsp;<\/p>\n<h5><strong>Voici la feuille d&rsquo;<a href=\"http:\/\/chimie-ganivet.fr\/wp-content\/uploads\/TD-Incertitudes-4.pdf\" target=\"_blank\" rel=\"noopener\">exercices<\/a><\/strong><\/h5>\n<p>&nbsp;<\/p>\n<p>&nbsp;<\/p>\n<p>&nbsp;<\/p>\n<p>&nbsp;<\/p>\n","protected":false},"excerpt":{"rendered":"<p>Voici le document distribu\u00e9 en cours. Il est conseill\u00e9 d&rsquo;amener ce document \u00e0 chaque TP. Les calculs d&rsquo;incertitudes de type B doivent pouvoir se faire rapidement \u00e0 la calculatrice. Cependant, en TP, il est bien utile d&rsquo;utiliser le logiciel GUM afin d&rsquo;avoir rapidement acc\u00e8s \u00e0 l&rsquo;incertitude d&rsquo;une mesure calcul\u00e9e.. Il est en g\u00e9n\u00e9ral disponible aux&hellip;<\/p>\n<p><a class=\"more-link\" href=\"https:\/\/chimie-ganivet.fr\/?page_id=1323\" title=\"Continue reading &lsquo;Incertitudes&rsquo;\">Continue reading <span class=\"meta-nav\">&rarr;<\/span><\/a><\/p>\n","protected":false},"author":1,"featured_media":0,"parent":0,"menu_order":0,"comment_status":"closed","ping_status":"closed","template":"","meta":{"_bbp_topic_count":0,"_bbp_reply_count":0,"_bbp_total_topic_count":0,"_bbp_total_reply_count":0,"_bbp_voice_count":0,"_bbp_anonymous_reply_count":0,"_bbp_topic_count_hidden":0,"_bbp_reply_count_hidden":0,"_bbp_forum_subforum_count":0,"footnotes":""},"class_list":["post-1323","page","type-page","status-publish","hentry"],"_links":{"self":[{"href":"https:\/\/chimie-ganivet.fr\/index.php?rest_route=\/wp\/v2\/pages\/1323","targetHints":{"allow":["GET"]}}],"collection":[{"href":"https:\/\/chimie-ganivet.fr\/index.php?rest_route=\/wp\/v2\/pages"}],"about":[{"href":"https:\/\/chimie-ganivet.fr\/index.php?rest_route=\/wp\/v2\/types\/page"}],"author":[{"embeddable":true,"href":"https:\/\/chimie-ganivet.fr\/index.php?rest_route=\/wp\/v2\/users\/1"}],"replies":[{"embeddable":true,"href":"https:\/\/chimie-ganivet.fr\/index.php?rest_route=%2Fwp%2Fv2%2Fcomments&post=1323"}],"version-history":[{"count":7,"href":"https:\/\/chimie-ganivet.fr\/index.php?rest_route=\/wp\/v2\/pages\/1323\/revisions"}],"predecessor-version":[{"id":1428,"href":"https:\/\/chimie-ganivet.fr\/index.php?rest_route=\/wp\/v2\/pages\/1323\/revisions\/1428"}],"wp:attachment":[{"href":"https:\/\/chimie-ganivet.fr\/index.php?rest_route=%2Fwp%2Fv2%2Fmedia&parent=1323"}],"curies":[{"name":"wp","href":"https:\/\/api.w.org\/{rel}","templated":true}]}}