{"id":1334,"date":"2018-09-02T12:57:30","date_gmt":"2018-09-02T11:57:30","guid":{"rendered":"https:\/\/chimie-ganivet.fr\/?page_id=1334"},"modified":"2019-09-23T12:53:38","modified_gmt":"2019-09-23T11:53:38","slug":"tp-periode-1","status":"publish","type":"page","link":"https:\/\/chimie-ganivet.fr\/?page_id=1334","title":{"rendered":"TP p\u00e9riode 1"},"content":{"rendered":"<p><img loading=\"lazy\" decoding=\"async\" class=\"alignnone size-thumbnail wp-image-247\" src=\"http:\/\/chimie-ganivet.fr\/wp-content\/uploads\/00_109_430-150x150.jpg\" alt=\"\" width=\"150\" height=\"150\" \/><\/p>\n<h2>TP1 : Dosage par \u00e9talonnage<\/h2>\n<ul>\n<li><a href=\"http:\/\/chimie-ganivet.fr\/wp-content\/uploads\/TP-Schtroumph-4.pdf\">Enonc\u00e9 du TP<\/a><\/li>\n<li>Fiche spectrophotom\u00e9trie \u00e0 travailler<\/li>\n<li><a href=\"http:\/\/chimie-ganivet.fr\/wp-content\/uploads\/Ele\u0301ments-de-Correction-TP-Spectro.pdf\">El\u00e9ments de correction<\/a><\/li>\n<\/ul>\n<h2>TP2 : Synth\u00e8se d&rsquo;un m\u00e9dicament<\/h2>\n<ul>\n<li><a href=\"http:\/\/chimie-ganivet.fr\/wp-content\/uploads\/TP-VANILLINE-2.pdf\">Enonc\u00e9 du TP<\/a><\/li>\n<li><a href=\"http:\/\/chimie-ganivet.fr\/wp-content\/uploads\/Fiche-TP-CCM.pdf\">Fiche TP CCM<\/a><\/li>\n<li><a href=\"http:\/\/chimie-ganivet.fr\/wp-content\/uploads\/Fiche-TP-recristallisation.pdf\">Fiche TP sur la recristallisation<\/a><\/li>\n<li>Vid\u00e9o explicative sur la recristallisation : bossez la et faites les quizz!<\/li>\n<\/ul>\n<p><iframe loading=\"lazy\" width=\"913\" height=\"514\" src=\"https:\/\/www.youtube.com\/embed\/3wKTiLfnSNs?feature=oembed\" frameborder=\"0\" allow=\"accelerometer; autoplay; encrypted-media; gyroscope; picture-in-picture\" allowfullscreen><\/iframe><\/p>\n<p>&nbsp;<\/p>\n<ul>\n<li>Vid\u00e9o explicative sur la CCM<\/li>\n<\/ul>\n<p><iframe loading=\"lazy\" width=\"913\" height=\"514\" src=\"https:\/\/www.youtube.com\/embed\/XuO9EPJcY7I?feature=oembed\" frameborder=\"0\" allow=\"accelerometer; autoplay; encrypted-media; gyroscope; picture-in-picture\" allowfullscreen><\/iframe><\/p>\n<p>&nbsp;<\/p>\n<p>&nbsp;<\/p>\n<h2>TP3 : D\u00e9termination d&rsquo;un coefficient de partage<\/h2>\n<ul>\n<li><a href=\"http:\/\/chimie-ganivet.fr\/wp-content\/uploads\/TP-2-Extraction-acide-benzoI\u0302que-e\u0301nonce\u0301-1.pdf\">Enonc\u00e9 du TP<\/a><\/li>\n<li>Document sur les incertitudes. Dans ce TP, seront utilis\u00e9es les incertitudes de type A. Aller voir dans l&rsquo;onglet \u00ab\u00a0TP\u00a0\u00bb, rubrique Incertitudes pour l&rsquo;utilisation du logiciel GUM et le document associ\u00e9.<\/li>\n<li><a href=\"http:\/\/chimie-ganivet.fr\/wp-content\/uploads\/Fiche-TP-extraction-liquide-liquide.pdf\">Fiche TP Extraction liquide-liquide<\/a><\/li>\n<li>Vid\u00e9o explicative sur l&rsquo;extraction liquide-liquide (ou utilisation de l&rsquo;ampoule \u00e0 d\u00e9canter)<\/li>\n<\/ul>\n<p><iframe loading=\"lazy\" width=\"913\" height=\"514\" src=\"https:\/\/www.youtube.com\/embed\/iHk2tV8KwUI?feature=oembed\" frameborder=\"0\" allow=\"accelerometer; autoplay; encrypted-media; gyroscope; picture-in-picture\" allowfullscreen><\/iframe><\/p>\n<p>&nbsp;<\/p>\n","protected":false},"excerpt":{"rendered":"<p>TP1 : Dosage par \u00e9talonnage Enonc\u00e9 du TP Fiche spectrophotom\u00e9trie \u00e0 travailler El\u00e9ments de correction TP2 : Synth\u00e8se d&rsquo;un m\u00e9dicament Enonc\u00e9 du TP Fiche TP CCM Fiche TP sur la recristallisation Vid\u00e9o explicative sur la recristallisation : bossez la et faites les quizz! &nbsp; Vid\u00e9o explicative sur la CCM &nbsp; &nbsp; TP3 : D\u00e9termination d&rsquo;un&hellip;<\/p>\n<p><a class=\"more-link\" href=\"https:\/\/chimie-ganivet.fr\/?page_id=1334\" title=\"Continue reading &lsquo;TP p\u00e9riode 1&rsquo;\">Continue reading <span class=\"meta-nav\">&rarr;<\/span><\/a><\/p>\n","protected":false},"author":1,"featured_media":0,"parent":0,"menu_order":0,"comment_status":"closed","ping_status":"closed","template":"","meta":{"_bbp_topic_count":0,"_bbp_reply_count":0,"_bbp_total_topic_count":0,"_bbp_total_reply_count":0,"_bbp_voice_count":0,"_bbp_anonymous_reply_count":0,"_bbp_topic_count_hidden":0,"_bbp_reply_count_hidden":0,"_bbp_forum_subforum_count":0,"footnotes":""},"class_list":["post-1334","page","type-page","status-publish","hentry"],"_links":{"self":[{"href":"https:\/\/chimie-ganivet.fr\/index.php?rest_route=\/wp\/v2\/pages\/1334","targetHints":{"allow":["GET"]}}],"collection":[{"href":"https:\/\/chimie-ganivet.fr\/index.php?rest_route=\/wp\/v2\/pages"}],"about":[{"href":"https:\/\/chimie-ganivet.fr\/index.php?rest_route=\/wp\/v2\/types\/page"}],"author":[{"embeddable":true,"href":"https:\/\/chimie-ganivet.fr\/index.php?rest_route=\/wp\/v2\/users\/1"}],"replies":[{"embeddable":true,"href":"https:\/\/chimie-ganivet.fr\/index.php?rest_route=%2Fwp%2Fv2%2Fcomments&post=1334"}],"version-history":[{"count":15,"href":"https:\/\/chimie-ganivet.fr\/index.php?rest_route=\/wp\/v2\/pages\/1334\/revisions"}],"predecessor-version":[{"id":1859,"href":"https:\/\/chimie-ganivet.fr\/index.php?rest_route=\/wp\/v2\/pages\/1334\/revisions\/1859"}],"wp:attachment":[{"href":"https:\/\/chimie-ganivet.fr\/index.php?rest_route=%2Fwp%2Fv2%2Fmedia&parent=1334"}],"curies":[{"name":"wp","href":"https:\/\/api.w.org\/{rel}","templated":true}]}}