{"id":155,"date":"2014-11-03T14:20:53","date_gmt":"2014-11-03T13:20:53","guid":{"rendered":"https:\/\/chimie-ganivet.fr\/?page_id=155"},"modified":"2020-01-13T21:45:50","modified_gmt":"2020-01-13T20:45:50","slug":"travaux-pratiques","status":"publish","type":"page","link":"https:\/\/chimie-ganivet.fr\/?page_id=155","title":{"rendered":"TRAVAUX PRATIQUES"},"content":{"rendered":"<h2><a href=\"https:\/\/chimie-ganivet.fr\/?page_id=1334\">TP P\u00e9riode 1<\/a><\/h2>\n<p><a href=\"https:\/\/chimie-ganivet.fr\/?page_id=1334\"><img loading=\"lazy\" decoding=\"async\" class=\"alignnone size-thumbnail wp-image-247\" src=\"http:\/\/chimie-ganivet.fr\/wp-content\/uploads\/00_109_430-150x150.jpg\" alt=\"\" width=\"150\" height=\"150\" \/><\/a><\/p>\n<h2><\/h2>\n<h2><a href=\"https:\/\/chimie-ganivet.fr\/?page_id=1336\">TP P\u00e9riode 2<\/a><\/h2>\n<p><img loading=\"lazy\" decoding=\"async\" class=\"alignnone size-thumbnail wp-image-130\" src=\"http:\/\/chimie-ganivet.fr\/wp-content\/uploads\/Physique-Chimie-150x150.jpg\" alt=\"\" width=\"150\" height=\"150\" srcset=\"https:\/\/chimie-ganivet.fr\/wp-content\/uploads\/Physique-Chimie-150x150.jpg 150w, https:\/\/chimie-ganivet.fr\/wp-content\/uploads\/Physique-Chimie-300x300.jpg 300w, https:\/\/chimie-ganivet.fr\/wp-content\/uploads\/Physique-Chimie.jpg 372w\" sizes=\"auto, (max-width: 150px) 100vw, 150px\" \/><\/p>\n<p>&nbsp;<\/p>\n<h2><span style=\"color: #000000;\"><a style=\"color: #000000;\" href=\"https:\/\/chimie-ganivet.fr\/?page_id=1323\">Incertitudes<\/a><\/span><\/h2>\n<p><a href=\"https:\/\/chimie-ganivet.fr\/?page_id=1323\"><span style=\"color: #000000;\"><img loading=\"lazy\" decoding=\"async\" class=\"alignnone size-thumbnail wp-image-1321\" src=\"http:\/\/chimie-ganivet.fr\/wp-content\/uploads\/Image-courtesy-of-Master-isolated-images-at-FreeDigitalPhotos.net_-150x150.jpg\" alt=\"\" width=\"150\" height=\"150\" \/><\/span><\/a><\/p>\n<p><a href=\"http:\/\/chimie-ganivet.fr\/wp-content\/uploads\/Erreurs-et-incertitudes-PCSI-ELEVE-2.pdf\">M\u00e9mo sur les incertitudes : \u00e0 retenir.<\/a><\/p>\n<p><a href=\"http:\/\/chimie-ganivet.fr\/wp-content\/uploads\/TD-Incertitudes-5.pdf\">Exercices sur les incertitudes<\/a> &#8211; <a href=\"http:\/\/chimie-ganivet.fr\/wp-content\/uploads\/Correction-TD-Incertitudes-1.pdf\">Correction<\/a><\/p>\n<h2><\/h2>\n<h2><span style=\"color: #000000;\"><span style=\"text-decoration: underline;\"><a href=\"http:\/\/chimie-ganivet.fr\/wp-content\/uploads\/CARNET-COMPLET-FICHES-TP-1-2.pdf\">Fiches de TP<\/a><\/span><span style=\"text-decoration: underline;\"><strong><br \/>\n<\/strong><\/span><\/span><\/h2>\n<p><a href=\"http:\/\/chimie-ganivet.fr\/wp-content\/uploads\/CARNET-COMPLET-FICHES-TP-1-3.pdf\">Carnet complet des fiches TP<\/a><\/p>\n<p>Celles r\u00e9alis\u00e9es par les \u00e9l\u00e8ves de 2018-19 :<\/p>\n<ul>\n<li><a href=\"http:\/\/chimie-ganivet.fr\/wp-content\/uploads\/Le-montage-a-reflux.pdf\">Montage \u00e0 reflux<\/a> et <a href=\"http:\/\/chimie-ganivet.fr\/wp-content\/uploads\/Fiche-MONTAGE-A-REFLUX.pdf\">bis<\/a><\/li>\n<li><a href=\"http:\/\/chimie-ganivet.fr\/wp-content\/uploads\/Fiche-TP-Chimie-Banc-Kofler-JC.pdf\">Banc Kofler<\/a><\/li>\n<\/ul>\n<p>&nbsp;<\/p>\n<h2><span style=\"color: #000000;\">\u00a0<\/span><\/h2>\n<p>&nbsp;<\/p>\n","protected":false},"excerpt":{"rendered":"<p>TP P\u00e9riode 1 TP P\u00e9riode 2 &nbsp; Incertitudes M\u00e9mo sur les incertitudes : \u00e0 retenir. Exercices sur les incertitudes &#8211; Correction Fiches de TP Carnet complet des fiches TP Celles r\u00e9alis\u00e9es par les \u00e9l\u00e8ves de 2018-19 : Montage \u00e0 reflux et bis Banc Kofler &nbsp; \u00a0 &nbsp;<\/p>\n","protected":false},"author":1,"featured_media":0,"parent":0,"menu_order":4,"comment_status":"closed","ping_status":"closed","template":"","meta":{"_bbp_topic_count":0,"_bbp_reply_count":0,"_bbp_total_topic_count":0,"_bbp_total_reply_count":0,"_bbp_voice_count":0,"_bbp_anonymous_reply_count":0,"_bbp_topic_count_hidden":0,"_bbp_reply_count_hidden":0,"_bbp_forum_subforum_count":0,"footnotes":""},"class_list":["post-155","page","type-page","status-publish","hentry"],"_links":{"self":[{"href":"https:\/\/chimie-ganivet.fr\/index.php?rest_route=\/wp\/v2\/pages\/155","targetHints":{"allow":["GET"]}}],"collection":[{"href":"https:\/\/chimie-ganivet.fr\/index.php?rest_route=\/wp\/v2\/pages"}],"about":[{"href":"https:\/\/chimie-ganivet.fr\/index.php?rest_route=\/wp\/v2\/types\/page"}],"author":[{"embeddable":true,"href":"https:\/\/chimie-ganivet.fr\/index.php?rest_route=\/wp\/v2\/users\/1"}],"replies":[{"embeddable":true,"href":"https:\/\/chimie-ganivet.fr\/index.php?rest_route=%2Fwp%2Fv2%2Fcomments&post=155"}],"version-history":[{"count":89,"href":"https:\/\/chimie-ganivet.fr\/index.php?rest_route=\/wp\/v2\/pages\/155\/revisions"}],"predecessor-version":[{"id":1958,"href":"https:\/\/chimie-ganivet.fr\/index.php?rest_route=\/wp\/v2\/pages\/155\/revisions\/1958"}],"wp:attachment":[{"href":"https:\/\/chimie-ganivet.fr\/index.php?rest_route=%2Fwp%2Fv2%2Fmedia&parent=155"}],"curies":[{"name":"wp","href":"https:\/\/api.w.org\/{rel}","templated":true}]}}