{"id":220,"date":"2014-11-03T16:28:05","date_gmt":"2014-11-03T15:28:05","guid":{"rendered":"https:\/\/chimie-ganivet.fr\/?page_id=220"},"modified":"2020-03-30T07:25:34","modified_gmt":"2020-03-30T06:25:34","slug":"programme-colles","status":"publish","type":"page","link":"https:\/\/chimie-ganivet.fr\/?page_id=220","title":{"rendered":"PROGRAMME COLLES"},"content":{"rendered":"<ul>\n<li><a href=\"http:\/\/chimie-ganivet.fr\/wp-content\/uploads\/PCSI-semaines-1TF1.pdf\">Semaines 1 <\/a>: semaine du 16 septembre<\/li>\n<li><a href=\"http:\/\/chimie-ganivet.fr\/wp-content\/uploads\/PCSI-semaines-2-TF1-TF2.pdf\">Semaine 2<\/a> : semaine du 23 Septembre<\/li>\n<li><a href=\"http:\/\/chimie-ganivet.fr\/wp-content\/uploads\/PCSI-semaine-3-TF2.pdf\">Semaine 3<\/a> : semaine du 30 Septembre<\/li>\n<li><a href=\"http:\/\/chimie-ganivet.fr\/wp-content\/uploads\/PCSI-semaine-4-TF2.pdf\">Semaine 4<\/a> : semaine du 7 octobre<\/li>\n<li><a href=\"http:\/\/chimie-ganivet.fr\/wp-content\/uploads\/PCSI-semaine-5-TF2-TF3-1.pdf\">Semaine 5<\/a> : semaine du 14 Octobre<\/li>\n<li><a href=\"http:\/\/chimie-ganivet.fr\/wp-content\/uploads\/PCSI-semaine-6-TF3.pdf\">Semaine 6\u00a0<\/a> : semaine du 4 Novembre<\/li>\n<li><a href=\"http:\/\/chimie-ganivet.fr\/wp-content\/uploads\/PCSI-semaine-7-TF3-O1-1.pdf\">Semaine 7<\/a> : semaine du 11 Novembre<\/li>\n<li><a href=\"http:\/\/chimie-ganivet.fr\/wp-content\/uploads\/PCSI-semaine-8-AM1-AM2-.pdf\">Semaine 8<\/a> : semaine du 18 Novembre<\/li>\n<li><a href=\"http:\/\/chimie-ganivet.fr\/wp-content\/uploads\/PCSI-semaine-9-AM1-AM2-O1-.pdf\">Semaine 9<\/a> : semaine du 25 Novembre<\/li>\n<li><a href=\"http:\/\/chimie-ganivet.fr\/wp-content\/uploads\/PCSI-semaine-10-AM2-AM3-O1-.pdf\">Semaine 10<\/a> : semaine du 2 D\u00e9cembre<\/li>\n<li><a href=\"http:\/\/chimie-ganivet.fr\/wp-content\/uploads\/PCSI-semaine-11-12-AM2-AM3.pdf\">Semaines 11 et 12<\/a> : semaines du 9 et 16 D\u00e9cembre<\/li>\n<li><a href=\"http:\/\/chimie-ganivet.fr\/wp-content\/uploads\/PCSI-semaine-14-AM4-O2-.pdf\">Semaines 13 et 14<\/a> : semaines du 6 et 13 Janvier<\/li>\n<li><a href=\"http:\/\/chimie-ganivet.fr\/wp-content\/uploads\/PCSI-semaine-14-AM4-O2-O3-1.pdf\">Semaine 15<\/a> : semaine du 20 Janvier<\/li>\n<li><a href=\"http:\/\/chimie-ganivet.fr\/wp-content\/uploads\/PCSI-semaine-15-Turgot-O2-O3.pdf\">Semaine 16 \u00e0 Turgot<\/a> : semaine du 27 Janvier<\/li>\n<li><a href=\"http:\/\/chimie-ganivet.fr\/wp-content\/uploads\/PCSI-semaine-15-Balzac-O2-O3.pdf\">Semaine 16 \u00e0 Balzac<\/a> : semaine du 27 Janvier<\/li>\n<li><a href=\"http:\/\/chimie-ganivet.fr\/wp-content\/uploads\/PCSI-semaine-16-O2-O3.pdf\">Semaine 17<\/a> : semaine du 3 F\u00e9vrier<\/li>\n<li>Semaines 18 et 19 :\n<ul>\n<li>semaines du 24 f\u00e9vrier et du 2 mars <a href=\"http:\/\/chimie-ganivet.fr\/wp-content\/uploads\/PCSI-semaine-17-O-O4.pdf\">option Chimie<\/a><\/li>\n<li>semaines du 2 mars <a href=\"http:\/\/chimie-ganivet.fr\/wp-content\/uploads\/PCSI-semaine-Redox-O3-option-SI-1.pdf\">option SI<\/a><\/li>\n<\/ul>\n<\/li>\n<li>Semaine du 9 mars :\n<ul>\n<li><a href=\"http:\/\/chimie-ganivet.fr\/wp-content\/uploads\/PCSI-semaine-18-TF4-O4.pdf\">option PC<\/a><\/li>\n<li><a href=\"http:\/\/chimie-ganivet.fr\/wp-content\/uploads\/PCSI-semaine-Redox-O3-option-SI-2.pdf\">Option SI<\/a><\/li>\n<\/ul>\n<\/li>\n<li><a href=\"http:\/\/chimie-ganivet.fr\/wp-content\/uploads\/PC-Sol-Aqueuses.pdf\">Semaine du 30 mars<\/a>, options SI et PC<\/li>\n<\/ul>\n<h4><span style=\"color: #800080;\"><strong>Attention<\/strong> <\/span>: Il y a des questions de cours pos\u00e9es en d\u00e9but de kh\u00f4lle.<\/h4>\n<p>&nbsp;<\/p>\n<p><strong>Qu\u00e9sako?<\/strong> C&rsquo;est un mini expos\u00e9 de quelques minutes que vous aurez pr\u00e9par\u00e9 \u00e0 l&rsquo;avance chez vous.<\/p>\n<p>La liste des questions de cours que vous devez pr\u00e9parer est dans le programme de kh\u00f4lle. Il faudra, autant que possible, faire un mini plan (pour structurer votre expos\u00e9), et donner des exemples concrets (exemple de r\u00e9actions, exemples\u00a0 sur des compos\u00e9s concrets en chimie organique&#8230;).<\/p>\n<p>Pr\u00e9senter une question de cours permet de vous habituer \u00e0 vous exprimer correctement et vous aide \u00e9galement \u00e0 bien savoir votre cours.<\/p>\n","protected":false},"excerpt":{"rendered":"<p>Semaines 1 : semaine du 16 septembre Semaine 2 : semaine du 23 Septembre Semaine 3 : semaine du 30 Septembre Semaine 4 : semaine du 7 octobre Semaine 5 : semaine du 14 Octobre Semaine 6\u00a0 : semaine du 4 Novembre Semaine 7 : semaine du 11 Novembre Semaine 8 : semaine du 18&hellip;<\/p>\n<p><a class=\"more-link\" href=\"https:\/\/chimie-ganivet.fr\/?page_id=220\" title=\"Continue reading &lsquo;PROGRAMME COLLES&rsquo;\">Continue reading <span class=\"meta-nav\">&rarr;<\/span><\/a><\/p>\n","protected":false},"author":1,"featured_media":1420,"parent":0,"menu_order":7,"comment_status":"closed","ping_status":"closed","template":"","meta":{"_bbp_topic_count":0,"_bbp_reply_count":0,"_bbp_total_topic_count":0,"_bbp_total_reply_count":0,"_bbp_voice_count":0,"_bbp_anonymous_reply_count":0,"_bbp_topic_count_hidden":0,"_bbp_reply_count_hidden":0,"_bbp_forum_subforum_count":0,"footnotes":""},"class_list":["post-220","page","type-page","status-publish","has-post-thumbnail","hentry"],"_links":{"self":[{"href":"https:\/\/chimie-ganivet.fr\/index.php?rest_route=\/wp\/v2\/pages\/220","targetHints":{"allow":["GET"]}}],"collection":[{"href":"https:\/\/chimie-ganivet.fr\/index.php?rest_route=\/wp\/v2\/pages"}],"about":[{"href":"https:\/\/chimie-ganivet.fr\/index.php?rest_route=\/wp\/v2\/types\/page"}],"author":[{"embeddable":true,"href":"https:\/\/chimie-ganivet.fr\/index.php?rest_route=\/wp\/v2\/users\/1"}],"replies":[{"embeddable":true,"href":"https:\/\/chimie-ganivet.fr\/index.php?rest_route=%2Fwp%2Fv2%2Fcomments&post=220"}],"version-history":[{"count":156,"href":"https:\/\/chimie-ganivet.fr\/index.php?rest_route=\/wp\/v2\/pages\/220\/revisions"}],"predecessor-version":[{"id":1986,"href":"https:\/\/chimie-ganivet.fr\/index.php?rest_route=\/wp\/v2\/pages\/220\/revisions\/1986"}],"wp:featuredmedia":[{"embeddable":true,"href":"https:\/\/chimie-ganivet.fr\/index.php?rest_route=\/wp\/v2\/media\/1420"}],"wp:attachment":[{"href":"https:\/\/chimie-ganivet.fr\/index.php?rest_route=%2Fwp%2Fv2%2Fmedia&parent=220"}],"curies":[{"name":"wp","href":"https:\/\/api.w.org\/{rel}","templated":true}]}}