{"id":61,"date":"2014-10-29T09:56:32","date_gmt":"2014-10-29T08:56:32","guid":{"rendered":"https:\/\/chimie-ganivet.fr\/?page_id=61"},"modified":"2018-11-05T14:48:29","modified_gmt":"2018-11-05T13:48:29","slug":"chap-am2-la-classification-periodique","status":"publish","type":"page","link":"https:\/\/chimie-ganivet.fr\/?page_id=61","title":{"rendered":"Cours\/TD p\u00e9riode 1"},"content":{"rendered":"<h2><a href=\"https:\/\/chimie-ganivet.fr\/?page_id=1344\">TF : Transformations de la mati\u00e8re<\/a><\/h2>\n<h2><a href=\"https:\/\/chimie-ganivet.fr\/?page_id=1344\"><img loading=\"lazy\" decoding=\"async\" class=\"alignnone wp-image-487 size-medium\" src=\"http:\/\/chimie-ganivet.fr\/wp-content\/uploads\/Sans-titre1-300x200.png\" alt=\"\" width=\"300\" height=\"200\" srcset=\"https:\/\/chimie-ganivet.fr\/wp-content\/uploads\/Sans-titre1-300x200.png 300w, https:\/\/chimie-ganivet.fr\/wp-content\/uploads\/Sans-titre1-449x300.png 449w, https:\/\/chimie-ganivet.fr\/wp-content\/uploads\/Sans-titre1.png 749w\" sizes=\"auto, (max-width: 300px) 100vw, 300px\" \/><\/a><\/h2>\n<pre>Les transformations de la mati\u00e8re seront vues selon des changements d'\u00e9tat ou des r\u00e9actions chimiques totales ou \u00e9quilibr\u00e9es.<\/pre>\n<h2><\/h2>\n<h2><a href=\"https:\/\/chimie-ganivet.fr\/?page_id=1512&amp;preview=true\">AM : Architecture de la mati\u00e8re<\/a><\/h2>\n<h2>\u00a0<img loading=\"lazy\" decoding=\"async\" class=\"alignnone wp-image-1342 size-medium\" src=\"http:\/\/chimie-ganivet.fr\/wp-content\/uploads\/411-300x217.jpg\" alt=\"\" width=\"300\" height=\"217\" srcset=\"https:\/\/chimie-ganivet.fr\/wp-content\/uploads\/411-300x217.jpg 300w, https:\/\/chimie-ganivet.fr\/wp-content\/uploads\/411.jpg 469w\" sizes=\"auto, (max-width: 300px) 100vw, 300px\" \/><\/h2>\n<h2><\/h2>\n<h2><a href=\"https:\/\/chimie-ganivet.fr\/?page_id=1487\">O : Chimie organique<\/a><\/h2>\n<h2><img loading=\"lazy\" decoding=\"async\" class=\"alignnone wp-image-1341 size-medium\" src=\"http:\/\/chimie-ganivet.fr\/wp-content\/uploads\/maxresdefault-300x169.jpg\" alt=\"\" width=\"300\" height=\"169\" srcset=\"https:\/\/chimie-ganivet.fr\/wp-content\/uploads\/maxresdefault-300x169.jpg 300w, https:\/\/chimie-ganivet.fr\/wp-content\/uploads\/maxresdefault-768x432.jpg 768w, https:\/\/chimie-ganivet.fr\/wp-content\/uploads\/maxresdefault-1024x576.jpg 1024w, https:\/\/chimie-ganivet.fr\/wp-content\/uploads\/maxresdefault.jpg 1280w\" sizes=\"auto, (max-width: 300px) 100vw, 300px\" \/><\/h2>\n<p>&nbsp;<\/p>\n","protected":false},"excerpt":{"rendered":"<p>TF : Transformations de la mati\u00e8re Les transformations de la mati\u00e8re seront vues selon des changements d&rsquo;\u00e9tat ou des r\u00e9actions chimiques totales ou \u00e9quilibr\u00e9es. AM : Architecture de la mati\u00e8re \u00a0 O : Chimie organique &nbsp;<\/p>\n","protected":false},"author":1,"featured_media":0,"parent":0,"menu_order":0,"comment_status":"closed","ping_status":"closed","template":"","meta":{"_bbp_topic_count":0,"_bbp_reply_count":0,"_bbp_total_topic_count":0,"_bbp_total_reply_count":0,"_bbp_voice_count":0,"_bbp_anonymous_reply_count":0,"_bbp_topic_count_hidden":0,"_bbp_reply_count_hidden":0,"_bbp_forum_subforum_count":0,"footnotes":""},"class_list":["post-61","page","type-page","status-publish","hentry"],"_links":{"self":[{"href":"https:\/\/chimie-ganivet.fr\/index.php?rest_route=\/wp\/v2\/pages\/61","targetHints":{"allow":["GET"]}}],"collection":[{"href":"https:\/\/chimie-ganivet.fr\/index.php?rest_route=\/wp\/v2\/pages"}],"about":[{"href":"https:\/\/chimie-ganivet.fr\/index.php?rest_route=\/wp\/v2\/types\/page"}],"author":[{"embeddable":true,"href":"https:\/\/chimie-ganivet.fr\/index.php?rest_route=\/wp\/v2\/users\/1"}],"replies":[{"embeddable":true,"href":"https:\/\/chimie-ganivet.fr\/index.php?rest_route=%2Fwp%2Fv2%2Fcomments&post=61"}],"version-history":[{"count":63,"href":"https:\/\/chimie-ganivet.fr\/index.php?rest_route=\/wp\/v2\/pages\/61\/revisions"}],"predecessor-version":[{"id":1553,"href":"https:\/\/chimie-ganivet.fr\/index.php?rest_route=\/wp\/v2\/pages\/61\/revisions\/1553"}],"wp:attachment":[{"href":"https:\/\/chimie-ganivet.fr\/index.php?rest_route=%2Fwp%2Fv2%2Fmedia&parent=61"}],"curies":[{"name":"wp","href":"https:\/\/api.w.org\/{rel}","templated":true}]}}